{"id":10,"date":"2025-10-17T10:14:14","date_gmt":"2025-10-17T10:14:14","guid":{"rendered":"https:\/\/remonttiveljekset.fi\/?page_id=10"},"modified":"2026-04-22T08:21:58","modified_gmt":"2026-04-22T08:21:58","slug":"about","status":"publish","type":"page","link":"https:\/\/remonttiveljekset.fi\/?page_id=10","title":{"rendered":"Palvelumme"},"content":{"rendered":"\n<div class=\"wp-block-group alignfull has-accent-background-color has-background has-global-padding is-layout-constrained wp-container-core-group-is-layout-669513ed wp-block-group-is-layout-constrained\" style=\"margin-top:0;margin-bottom:0;padding-top:var(--wp--preset--spacing--50);padding-right:var(--wp--preset--spacing--50);padding-bottom:var(--wp--preset--spacing--50);padding-left:var(--wp--preset--spacing--50)\">\n<div class=\"wp-block-columns alignwide is-layout-flex wp-container-core-columns-is-layout-1da03c2a wp-block-columns-is-layout-flex\">\n<div class=\"wp-block-column is-vertically-aligned-stretch is-layout-flow wp-block-column-is-layout-flow\" style=\"flex-basis:50%\">\n<div class=\"wp-block-group is-vertical is-content-justification-left is-layout-flex wp-container-core-group-is-layout-994fc1a2 wp-block-group-is-layout-flex\" style=\"min-height:100%\">\n<p class=\"has-heading-font-family has-x-large-font-size\" style=\"line-height:1.2\">Parasta laatua ja asiakaspalvelua<\/p>\n\n\n\n<p><\/p>\n\n\n\n<p><\/p>\n\n\n\n<p>Palveluihimme kuuluvat monipuolinen korjausrakentaminen, uudisrakentaminen ja erikoisrakentaminen.<br>Palveluihimme kuuluu kaikki remontointity\u00f6t, piha- ja puutarhaty\u00f6t, maalausty\u00f6t yms.<br>Kauttamme onnistuu niin pienet kuin isoimmatkin remontit. Teemme kaiken ty\u00f6n hyv\u00e4ll\u00e4 ja huolellisella ammattitaidolla.<\/p>\n\n\n\n<hr class=\"wp-block-separator has-alpha-channel-opacity\"\/>\n\n\n\n<p><strong>Kylpyhuoneremontti<\/strong><br><em>Tarjoamme seuraavia palveluita:<\/em><\/p>\n\n\n\n<ul class=\"wp-block-list\">\n<li>Kosteudenhallinta ja uusi asetus<\/li>\n\n\n\n<li>Lattiakaadot<\/li>\n\n\n\n<li>Vedeneristys<\/li>\n\n\n\n<li>Kylpyhuoneen laatoitus<\/li>\n\n\n\n<li>Silikonisaumaus<\/li>\n\n\n\n<li>Mikrosementti<\/li>\n\n\n\n<li>Vanhojen laattojen maalaus<\/li>\n\n\n\n<li>Wc-remontti ja erillisen wc:n rakentaminen<\/li>\n<\/ul>\n\n\n\n<p><strong>Keitti\u00f6remontti<\/strong><br><em>Tarjoamme seuraavia palveluita:<\/em><\/p>\n\n\n\n<ul class=\"wp-block-list\">\n<li>Keitti\u00f6remontin suunnittelu<\/li>\n\n\n\n<li>Keitti\u00f6kalusteiden asennus<\/li>\n\n\n\n<li>Keitti\u00f6n v\u00e4litilan laatoitus<\/li>\n\n\n\n<li>Keitti\u00f6n LVI-ty\u00f6t<\/li>\n\n\n\n<li>Keitti\u00f6n maalaus<\/li>\n\n\n\n<li>Lattiap\u00e4\u00e4llysteen asennus<\/li>\n<\/ul>\n\n\n\n<p><strong>Pintaremontti<\/strong><br><em>Tarjoamme seuraavia palveluita:<\/em><\/p>\n\n\n\n<ul class=\"wp-block-list\">\n<li>Maalaus<\/li>\n\n\n\n<li>Tapetointi<\/li>\n\n\n\n<li>Lattiap\u00e4\u00e4llysteiden asennus<\/li>\n\n\n\n<li>Purkuty\u00f6t<\/li>\n\n\n\n<li>V\u00e4lisein\u00e4n rakentaminen<\/li>\n<\/ul>\n\n\n\n<p><strong>Remonttipalvelut taloyhti\u00f6ille<\/strong><br><em>Tarjoamme taloyhti\u00f6ille seuraavia remonttipalveluita:<\/em><\/p>\n\n\n\n<ul class=\"wp-block-list\">\n<li>Porrask\u00e4yt\u00e4v\u00e4remontti<\/li>\n\n\n\n<li>Ikkunaremontti<\/li>\n\n\n\n<li>Parvekeremontti<\/li>\n\n\n\n<li>Kellariremontti<\/li>\n\n\n\n<li>Kylpyhuoneremontit<\/li>\n\n\n\n<li>Keitti\u00f6remontit<\/li>\n\n\n\n<li>Pintaremontit<\/li>\n<\/ul>\n\n\n\n<h5 class=\"wp-block-heading\">Ty\u00f6n\u00e4ytteet<\/h5>\n\n\n\n<p>Katso lis\u00e4\u00e4 ty\u00f6n\u00e4ytteit\u00e4mme&nbsp;<a href=\"https:\/\/remonttiveljekset.fi\/?page_id=51\" data-type=\"page\" data-id=\"51\" target=\"_blank\" rel=\"noreferrer noopener\">galleria-sivullamme<\/a>&nbsp;t\u00e4st\u00e4 linkist\u00e4<\/p>\n\n\n\n<p>Tarjoamme kaikille remonttia suunnitteleville maksuttoman kartoitusk\u00e4ynnin.<\/p>\n\n\n\n<div class=\"wp-block-buttons is-layout-flex wp-block-buttons-is-layout-flex\">\n<div class=\"wp-block-button\"><a class=\"wp-block-button__link wp-element-button\" href=\"https:\/\/remonttiveljekset.fi\/?page_id=11\">Tarjouspyynt\u00f6<\/a><\/div>\n<\/div>\n<\/div>\n<\/div>\n\n\n\n<div class=\"wp-block-column is-vertically-aligned-center is-layout-flow wp-block-column-is-layout-flow\" style=\"flex-basis:50%\">\n<figure class=\"wp-block-image aligncenter size-large is-resized is-style-rounded is-style-rounded--1\"><img loading=\"lazy\" decoding=\"async\" width=\"768\" height=\"1024\" src=\"https:\/\/remonttiveljekset.fi\/wp-content\/uploads\/2025\/10\/20220318_172230_resized-768x1024.jpg\" alt=\"\" class=\"wp-image-113\" style=\"object-fit:cover;width:366px;height:auto\" srcset=\"https:\/\/remonttiveljekset.fi\/wp-content\/uploads\/2025\/10\/20220318_172230_resized-768x1024.jpg 768w, https:\/\/remonttiveljekset.fi\/wp-content\/uploads\/2025\/10\/20220318_172230_resized-225x300.jpg 225w, https:\/\/remonttiveljekset.fi\/wp-content\/uploads\/2025\/10\/20220318_172230_resized-1152x1536.jpg 1152w, https:\/\/remonttiveljekset.fi\/wp-content\/uploads\/2025\/10\/20220318_172230_resized-1536x2048.jpg 1536w, https:\/\/remonttiveljekset.fi\/wp-content\/uploads\/2025\/10\/20220318_172230_resized.jpg 1728w\" sizes=\"auto, (max-width: 768px) 100vw, 768px\" \/><\/figure>\n\n\n\n<figure class=\"wp-block-image aligncenter size-large is-resized is-style-rounded is-style-rounded--2\"><img loading=\"lazy\" decoding=\"async\" width=\"768\" height=\"1024\" src=\"https:\/\/remonttiveljekset.fi\/wp-content\/uploads\/2025\/10\/20230613_190526_resized-768x1024.jpg\" alt=\"\" class=\"wp-image-117\" style=\"object-fit:cover;width:366px;height:auto\" srcset=\"https:\/\/remonttiveljekset.fi\/wp-content\/uploads\/2025\/10\/20230613_190526_resized-768x1024.jpg 768w, https:\/\/remonttiveljekset.fi\/wp-content\/uploads\/2025\/10\/20230613_190526_resized-225x300.jpg 225w, https:\/\/remonttiveljekset.fi\/wp-content\/uploads\/2025\/10\/20230613_190526_resized-1152x1536.jpg 1152w, https:\/\/remonttiveljekset.fi\/wp-content\/uploads\/2025\/10\/20230613_190526_resized-1536x2048.jpg 1536w, https:\/\/remonttiveljekset.fi\/wp-content\/uploads\/2025\/10\/20230613_190526_resized.jpg 1734w\" sizes=\"auto, (max-width: 768px) 100vw, 768px\" \/><\/figure>\n\n\n\n<figure class=\"wp-block-image aligncenter size-large is-resized is-style-rounded is-style-rounded--3\"><img loading=\"lazy\" decoding=\"async\" width=\"576\" height=\"1024\" src=\"https:\/\/remonttiveljekset.fi\/wp-content\/uploads\/2025\/10\/IMG-20240117-WA0002-1-576x1024.jpg\" alt=\"\" class=\"wp-image-138\" style=\"object-fit:cover;width:366px;height:auto\" srcset=\"https:\/\/remonttiveljekset.fi\/wp-content\/uploads\/2025\/10\/IMG-20240117-WA0002-1-576x1024.jpg 576w, https:\/\/remonttiveljekset.fi\/wp-content\/uploads\/2025\/10\/IMG-20240117-WA0002-1-169x300.jpg 169w, https:\/\/remonttiveljekset.fi\/wp-content\/uploads\/2025\/10\/IMG-20240117-WA0002-1-768x1365.jpg 768w, https:\/\/remonttiveljekset.fi\/wp-content\/uploads\/2025\/10\/IMG-20240117-WA0002-1-864x1536.jpg 864w, https:\/\/remonttiveljekset.fi\/wp-content\/uploads\/2025\/10\/IMG-20240117-WA0002-1.jpg 1080w\" sizes=\"auto, (max-width: 576px) 100vw, 576px\" \/><\/figure>\n<\/div>\n<\/div>\n<\/div>\n\n\n\n<p class=\"has-text-align-center\">&#8212;&#8212;&#8212;&#8212;&#8212;&#8212;&#8212;&#8212;&#8212;&#8212;&#8212;&#8212;&#8212;&#8212;&#8212;&#8212;&#8211;<\/p>\n\n\n\n<hr class=\"wp-block-separator has-alpha-channel-opacity\"\/>\n\n\n\n<p class=\"has-text-align-center\">      &#8212;&#8212;&#8212;&#8212;&#8212;&#8212;&#8212;&#8212;&#8212;&#8212;&#8212;&#8212;&#8212;&#8212;&#8212;&#8212;&#8212;&#8212;<\/p>\n\n\n\n<div class=\"wp-block-group alignfull has-accent-background-color has-background has-global-padding is-layout-constrained wp-container-core-group-is-layout-669513ed wp-block-group-is-layout-constrained\" style=\"margin-top:0;margin-bottom:0;padding-top:var(--wp--preset--spacing--50);padding-right:var(--wp--preset--spacing--50);padding-bottom:var(--wp--preset--spacing--50);padding-left:var(--wp--preset--spacing--50)\">\n<div class=\"wp-block-columns alignwide is-layout-flex wp-container-core-columns-is-layout-1da03c2a wp-block-columns-is-layout-flex\">\n<div class=\"wp-block-column is-vertically-aligned-stretch is-layout-flow wp-block-column-is-layout-flow\" style=\"flex-basis:50%\">\n<div class=\"wp-block-group is-vertical is-content-justification-left is-layout-flex wp-container-core-group-is-layout-994fc1a2 wp-block-group-is-layout-flex\" style=\"min-height:100%\">\n<p class=\"has-heading-font-family has-x-large-font-size\" style=\"line-height:1.2\">Lasiparvekej\u00e4rjestelm\u00e4t<\/p>\n\n\n\n<p><\/p>\n\n\n\n<p><\/p>\n\n\n\n<p>Bilsu Glass Lasitus -j\u00e4rjestelm\u00e4 on integroitavissa saumattomasti erilaisiin terassi- ja parvekerakenteisiin. Bilsu Glass tarjoaa monipuolista tukea suunnitteluprosessin helpottamiseksi ja kohteen visualisoinnin mahdollistamiseksi.<\/p>\n\n\n\n<hr class=\"wp-block-separator has-alpha-channel-opacity\"\/>\n\n\n\n<p><strong>Lasiparvekkeet<\/strong><br><\/p>\n\n\n\n<p><strong>Terassikaitokset<\/strong><br><\/p>\n\n\n\n<p><strong>Eristyslasit<\/strong><br><\/p>\n\n\n\n<p><strong>Automaattisesti avautuvat ikkunat<\/strong><br><\/p>\n\n\n\n<p><strong>Karkaistu lasi<\/strong><\/p>\n\n\n\n<p><\/p>\n\n\n\n<p><strong>Ravintolaterassit<\/strong><\/p>\n\n\n\n<p><\/p>\n\n\n\n<p><strong>Parvekelasitusj\u00e4rjestelm\u00e4t<\/strong><\/p>\n\n\n\n<p><\/p>\n\n\n\n<p><strong>Kaikenlaiset lasity\u00f6t<\/strong><\/p>\n\n\n\n<p><\/p>\n\n\n\n<p><br><\/p>\n\n\n\n<div class=\"wp-block-buttons is-layout-flex wp-block-buttons-is-layout-flex\">\n<div class=\"wp-block-button\"><a class=\"wp-block-button__link wp-element-button\" href=\"https:\/\/remonttiveljekset.fi\/?page_id=11\">Tarjouspyynt\u00f6<\/a><\/div>\n<\/div>\n<\/div>\n<\/div>\n\n\n\n<div class=\"wp-block-column is-vertically-aligned-top is-layout-flow wp-block-column-is-layout-flow\" style=\"flex-basis:50%\">\n<figure class=\"wp-block-image alignright size-full is-style-rounded is-style-rounded--4\"><img loading=\"lazy\" decoding=\"async\" width=\"797\" height=\"306\" src=\"https:\/\/remonttiveljekset.fi\/wp-content\/uploads\/2026\/04\/IMG-20260414-WA0003.jpg\" alt=\"\" class=\"wp-image-335\" srcset=\"https:\/\/remonttiveljekset.fi\/wp-content\/uploads\/2026\/04\/IMG-20260414-WA0003.jpg 797w, https:\/\/remonttiveljekset.fi\/wp-content\/uploads\/2026\/04\/IMG-20260414-WA0003-300x115.jpg 300w, https:\/\/remonttiveljekset.fi\/wp-content\/uploads\/2026\/04\/IMG-20260414-WA0003-768x295.jpg 768w\" sizes=\"auto, (max-width: 797px) 100vw, 797px\" \/><\/figure>\n<\/div>\n<\/div>\n<\/div>\n\n\n\n<p><\/p>\n","protected":false},"excerpt":{"rendered":"<p>Parasta laatua ja asiakaspalvelua Palveluihimme kuuluvat monipuolinen korjausrakentaminen, uudisrakentaminen ja erikoisrakentaminen.Palveluihimme kuuluu kaikki remontointity\u00f6t, piha- ja puutarhaty\u00f6t, maalausty\u00f6t yms.Kauttamme onnistuu niin pienet kuin isoimmatkin remontit. Teemme kaiken ty\u00f6n hyv\u00e4ll\u00e4 ja huolellisella ammattitaidolla. KylpyhuoneremonttiTarjoamme seuraavia palveluita: Keitti\u00f6remonttiTarjoamme seuraavia palveluita: PintaremonttiTarjoamme seuraavia palveluita: Remonttipalvelut taloyhti\u00f6illeTarjoamme taloyhti\u00f6ille seuraavia remonttipalveluita: Ty\u00f6n\u00e4ytteet Katso lis\u00e4\u00e4 ty\u00f6n\u00e4ytteit\u00e4mme&nbsp;galleria-sivullamme&nbsp;t\u00e4st\u00e4 linkist\u00e4 Tarjoamme kaikille remonttia suunnitteleville [&hellip;]<\/p>\n","protected":false},"author":1,"featured_media":0,"parent":0,"menu_order":2,"comment_status":"closed","ping_status":"closed","template":"","meta":{"footnotes":""},"class_list":["post-10","page","type-page","status-publish","hentry"],"_links":{"self":[{"href":"https:\/\/remonttiveljekset.fi\/index.php?rest_route=\/wp\/v2\/pages\/10","targetHints":{"allow":["GET"]}}],"collection":[{"href":"https:\/\/remonttiveljekset.fi\/index.php?rest_route=\/wp\/v2\/pages"}],"about":[{"href":"https:\/\/remonttiveljekset.fi\/index.php?rest_route=\/wp\/v2\/types\/page"}],"author":[{"embeddable":true,"href":"https:\/\/remonttiveljekset.fi\/index.php?rest_route=\/wp\/v2\/users\/1"}],"replies":[{"embeddable":true,"href":"https:\/\/remonttiveljekset.fi\/index.php?rest_route=%2Fwp%2Fv2%2Fcomments&post=10"}],"version-history":[{"count":20,"href":"https:\/\/remonttiveljekset.fi\/index.php?rest_route=\/wp\/v2\/pages\/10\/revisions"}],"predecessor-version":[{"id":356,"href":"https:\/\/remonttiveljekset.fi\/index.php?rest_route=\/wp\/v2\/pages\/10\/revisions\/356"}],"wp:attachment":[{"href":"https:\/\/remonttiveljekset.fi\/index.php?rest_route=%2Fwp%2Fv2%2Fmedia&parent=10"}],"curies":[{"name":"wp","href":"https:\/\/api.w.org\/{rel}","templated":true}]}}