{"id":2,"date":"2025-10-17T10:08:40","date_gmt":"2025-10-17T10:08:40","guid":{"rendered":"https:\/\/remonttiveljekset.fi\/?page_id=2"},"modified":"2025-10-21T11:13:23","modified_gmt":"2025-10-21T11:13:23","slug":"sample-page","status":"publish","type":"page","link":"https:\/\/remonttiveljekset.fi\/?page_id=2","title":{"rendered":"Yhteystiedot"},"content":{"rendered":"\n<div class=\"wp-block-group alignfull has-global-padding is-layout-constrained wp-container-core-group-is-layout-669513ed wp-block-group-is-layout-constrained\" style=\"margin-top:0;margin-bottom:0;padding-top:var(--wp--preset--spacing--50);padding-right:var(--wp--preset--spacing--50);padding-bottom:var(--wp--preset--spacing--50);padding-left:var(--wp--preset--spacing--50)\">\n<div class=\"wp-block-group alignwide has-base-2-background-color has-background has-global-padding is-layout-constrained wp-container-core-group-is-layout-a151063b wp-block-group-is-layout-constrained\" style=\"border-radius:16px;padding-top:var(--wp--preset--spacing--50);padding-right:var(--wp--preset--spacing--40);padding-bottom:var(--wp--preset--spacing--50);padding-left:var(--wp--preset--spacing--40)\">\n<div class=\"wp-block-columns alignwide is-layout-flex wp-container-core-columns-is-layout-06670bbc wp-block-columns-is-layout-flex\">\n<div class=\"wp-block-column is-layout-flow wp-block-column-is-layout-flow\" style=\"border-top-color:var(--wp--preset--color--contrast-3);border-top-width:1px;padding-top:var(--wp--preset--spacing--30);padding-right:var(--wp--preset--spacing--30);padding-bottom:var(--wp--preset--spacing--10);padding-left:var(--wp--preset--spacing--30)\">\n<p class=\"has-text-align-center has-medium-font-size\"><span class=\"wp-rich-text-font-awesome-icon wp-font-awesome-icon\"><svg aria-hidden=\"true\" focusable=\"false\" data-prefix=\"fas\" data-icon=\"phone\" class=\"svg-inline--fa fa-phone \" role=\"img\" xmlns=\"http:\/\/www.w3.org\/2000\/svg\" viewBox=\"0 0 512 512\"><path fill=\"currentColor\" d=\"M160.2 25C152.3 6.1 131.7-3.9 112.1 1.4l-5.5 1.5c-64.6 17.6-119.8 80.2-103.7 156.4 37.1 175 174.8 312.7 349.8 349.8 76.3 16.2 138.8-39.1 156.4-103.7l1.5-5.5c5.4-19.7-4.7-40.3-23.5-48.1l-97.3-40.5c-16.5-6.9-35.6-2.1-47 11.8l-38.6 47.2C233.9 335.4 177.3 277 144.8 205.3L189 169.3c13.9-11.3 18.6-30.4 11.8-47L160.2 25z\"><\/path><\/svg><\/span>Puhelin<\/p>\n\n\n\n<div class=\"wp-block-group is-vertical is-content-justification-stretch is-layout-flex wp-container-core-group-is-layout-353c4f5a wp-block-group-is-layout-flex\">\n<p class=\"has-text-align-center\"><a href=\"callto:+358449741989\">044 974 1989<\/a><\/p>\n\n\n\n<hr class=\"wp-block-separator has-text-color has-contrast-3-color has-alpha-channel-opacity has-contrast-3-background-color has-background is-style-wide\"\/>\n\n\n\n<p class=\"has-text-align-center has-contrast-2-color has-text-color has-link-color wp-elements-0215c7e9fef130e12021c5ad3f330a83\"><span class=\"wp-rich-text-font-awesome-icon wp-font-awesome-icon\"><svg aria-hidden=\"true\" focusable=\"false\" data-prefix=\"fas\" data-icon=\"clock-rotate-left\" class=\"svg-inline--fa fa-clock-rotate-left \" role=\"img\" xmlns=\"http:\/\/www.w3.org\/2000\/svg\" viewBox=\"0 0 576 512\" color=\"#111111\"><path fill=\"currentColor\" d=\"M288 64c106 0 192 86 192 192S394 448 288 448c-65.2 0-122.9-32.5-157.6-82.3-10.1-14.5-30.1-18-44.6-7.9s-18 30.1-7.9 44.6C124.1 468.6 201 512 288 512 429.4 512 544 397.4 544 256S429.4 0 288 0C202.3 0 126.5 42.1 80 106.7L80 80c0-17.7-14.3-32-32-32S16 62.3 16 80l0 112c0 17.7 14.3 32 32 32l24.6 0c.5 0 1 0 1.5 0l86 0c17.7 0 32-14.3 32-32s-14.3-32-32-32l-38.3 0C154.9 102.6 217 64 288 64zm24 88c0-13.3-10.7-24-24-24s-24 10.7-24 24l0 104c0 6.4 2.5 12.5 7 17l72 72c9.4 9.4 24.6 9.4 33.9 0s9.4-24.6 0-33.9l-65-65 0-94.1z\"><\/path><\/svg><\/span><mark style=\"background-color:rgba(0, 0, 0, 0)\" class=\"has-inline-color has-contrast-color\">Aukioloajat<\/mark><\/p>\n\n\n\n<p class=\"has-text-align-center has-contrast-2-color has-text-color has-link-color wp-elements-cdc6a0f66669051634980cf6650ea4a8\"><mark style=\"background-color:rgba(0, 0, 0, 0)\" class=\"has-inline-color has-contrast-color\">Ma-Pe: 08:00-16:00<\/mark><\/p>\n\n\n\n<p class=\"has-text-align-center has-contrast-2-color has-text-color has-link-color wp-elements-681e5999891874b96042fd3580dd0771\"><mark style=\"background-color:rgba(0, 0, 0, 0)\" class=\"has-inline-color has-contrast-color\">La-Su: Sopimuksen mukaan<\/mark><\/p>\n<\/div>\n<\/div>\n\n\n\n<div class=\"wp-block-column is-layout-flow wp-block-column-is-layout-flow\" style=\"border-top-color:var(--wp--preset--color--contrast);border-top-width:2px;padding-top:var(--wp--preset--spacing--30);padding-right:var(--wp--preset--spacing--30);padding-bottom:var(--wp--preset--spacing--10);padding-left:var(--wp--preset--spacing--30)\">\n<p class=\"has-text-align-center\"><span class=\"wp-rich-text-font-awesome-icon wp-font-awesome-icon\"><svg aria-hidden=\"true\" focusable=\"false\" data-prefix=\"fas\" data-icon=\"registered\" class=\"svg-inline--fa fa-registered \" role=\"img\" xmlns=\"http:\/\/www.w3.org\/2000\/svg\" viewBox=\"0 0 512 512\"><path fill=\"currentColor\" d=\"M256 512a256 256 0 1 0 0-512 256 256 0 1 0 0 512zM200 144l80 0c39.8 0 72 32.2 72 72 0 28.9-17 53.8-41.6 65.3l30.2 50.3c6.8 11.4 3.1 26.1-8.2 32.9s-26.1 3.1-32.9-8.2l-41-68.3-34.4 0 0 56c0 13.3-10.7 24-24 24s-24-10.7-24-24l0-176c0-13.3 10.7-24 24-24zm72 96l8 0c13.3 0 24-10.7 24-24s-10.7-24-24-24l-56 0 0 48 48 0z\"><\/path><\/svg><\/span>Rekisteri<\/p>\n\n\n\n<div class=\"wp-block-group is-vertical is-content-justification-stretch is-layout-flex wp-container-core-group-is-layout-353c4f5a wp-block-group-is-layout-flex\">\n<p class=\"has-text-align-center\">Tmi Remonttiveljekset <\/p>\n\n\n\n<p class=\"has-text-align-center\">Y-tunnus : 3127329-8<\/p>\n\n\n\n<hr class=\"wp-block-separator has-text-color has-contrast-3-color has-alpha-channel-opacity has-contrast-3-background-color has-background is-style-wide\"\/>\n\n\n\n<p class=\"has-text-align-center\"><span class=\"wp-rich-text-font-awesome-icon wp-font-awesome-icon\"><svg aria-hidden=\"true\" focusable=\"false\" data-prefix=\"fas\" data-icon=\"location-dot\" class=\"svg-inline--fa fa-location-dot \" role=\"img\" xmlns=\"http:\/\/www.w3.org\/2000\/svg\" viewBox=\"0 0 384 512\"><path fill=\"currentColor\" d=\"M0 188.6C0 84.4 86 0 192 0S384 84.4 384 188.6c0 119.3-120.2 262.3-170.4 316.8-11.8 12.8-31.5 12.8-43.3 0-50.2-54.5-170.4-197.5-170.4-316.8zM192 256a64 64 0 1 0 0-128 64 64 0 1 0 0 128z\"><\/path><\/svg><\/span>Osoite<\/p>\n\n\n\n<p>Kurkelankatu 9 A 32, 04200 Kerava<\/p>\n<\/div>\n<\/div>\n\n\n\n<div class=\"wp-block-column is-layout-flow wp-block-column-is-layout-flow\" style=\"border-top-color:var(--wp--preset--color--contrast-3);border-top-width:1px;padding-top:var(--wp--preset--spacing--30);padding-right:var(--wp--preset--spacing--30);padding-bottom:var(--wp--preset--spacing--10);padding-left:var(--wp--preset--spacing--30)\">\n<p class=\"has-text-align-center has-medium-font-size\"><span class=\"wp-rich-text-font-awesome-icon wp-font-awesome-icon\"><svg aria-hidden=\"true\" focusable=\"false\" data-prefix=\"fas\" data-icon=\"square-envelope\" class=\"svg-inline--fa fa-square-envelope \" role=\"img\" xmlns=\"http:\/\/www.w3.org\/2000\/svg\" viewBox=\"0 0 448 512\"><path fill=\"currentColor\" d=\"M64 32C28.7 32 0 60.7 0 96L0 416c0 35.3 28.7 64 64 64l320 0c35.3 0 64-28.7 64-64l0-320c0-35.3-28.7-64-64-64L64 32zM209.1 267.9L108.4 207.4c-7.7-4.6-12.4-12.9-12.4-21.9 0-14.1 11.4-25.5 25.5-25.5l204.9 0c14.1 0 25.5 11.4 25.5 25.5 0 9-4.7 17.3-12.4 21.9L238.9 267.9c-4.5 2.7-9.6 4.1-14.9 4.1s-10.4-1.4-14.9-4.1zM352 237.3l0 82.7c0 17.7-14.3 32-32 32l-192 0c-17.7 0-32-14.3-32-32l0-82.7 96.7 58C202.1 301 213 304 224 304s21.9-3 31.3-8.7l96.7-58z\"><\/path><\/svg><\/span>S\u00e4hk\u00f6posti<\/p>\n\n\n\n<div class=\"wp-block-group is-vertical is-content-justification-stretch is-layout-flex wp-container-core-group-is-layout-353c4f5a wp-block-group-is-layout-flex\">\n<p class=\"has-text-align-center\"><a href=\"mailto:info@remonttiveljekset.fi\">info@remonttiveljekset.fi<\/a><\/p>\n\n\n\n<hr class=\"wp-block-separator has-text-color has-contrast-3-color has-alpha-channel-opacity has-contrast-3-background-color has-background is-style-wide\"\/>\n\n\n\n<p class=\"has-text-align-center\"><\/p>\n<\/div>\n<\/div>\n<\/div>\n<\/div>\n\n\n\n<div class=\"wp-block-group alignwide has-base-2-background-color has-background has-global-padding is-layout-constrained wp-container-core-group-is-layout-a151063b wp-block-group-is-layout-constrained\" style=\"border-radius:16px;padding-top:var(--wp--preset--spacing--50);padding-right:var(--wp--preset--spacing--40);padding-bottom:var(--wp--preset--spacing--50);padding-left:var(--wp--preset--spacing--40)\">\n<div class=\"wp-block-group alignwide is-vertical is-content-justification-stretch is-layout-flex wp-container-core-group-is-layout-353c4f5a wp-block-group-is-layout-flex\">\n<h2 class=\"wp-block-heading has-text-align-center\">Voitte ottaa yhteytt\u00e4 alla olevalla lomakkeella, vastaamme mielell\u00e4mme.<\/h2>\n\n\n\n<p><\/p>\n\n\n\n<h2 class=\"wp-block-heading has-text-align-center\">Yhteydenotto<\/h2>\n<\/div>\n\n\n<style id=\"wpforms-css-vars-196-block-6f948388-8613-4402-9731-cfd3a4372ad4\">\n\t\t\t\t#wpforms-196.wpforms-block-6f948388-8613-4402-9731-cfd3a4372ad4 {\n\t\t\t\t--wpforms-field-size-input-height: 43px;\n--wpforms-field-size-input-spacing: 15px;\n--wpforms-field-size-font-size: 16px;\n--wpforms-field-size-line-height: 19px;\n--wpforms-field-size-padding-h: 14px;\n--wpforms-field-size-checkbox-size: 16px;\n--wpforms-field-size-sublabel-spacing: 5px;\n--wpforms-field-size-icon-size: 1;\n--wpforms-label-size-font-size: 16px;\n--wpforms-label-size-line-height: 19px;\n--wpforms-label-size-sublabel-font-size: 14px;\n--wpforms-label-size-sublabel-line-height: 17px;\n--wpforms-button-size-font-size: 17px;\n--wpforms-button-size-height: 41px;\n--wpforms-button-size-padding-h: 15px;\n--wpforms-button-size-margin-top: 10px;\n\t\t\t}\n\t\t\t<\/style><div class=\"wpforms-container wpforms-container-full wpforms-block wpforms-block-6f948388-8613-4402-9731-cfd3a4372ad4 wpforms-render-modern\" id=\"wpforms-196\"><form id=\"wpforms-form-196\" class=\"wpforms-validate wpforms-form wpforms-ajax-form\" data-formid=\"196\" method=\"post\" enctype=\"multipart\/form-data\" action=\"\/index.php?rest_route=%2Fwp%2Fv2%2Fpages%2F2\" data-token=\"fe26c2254e3b9150809306d104eb00bb\" data-token-time=\"1778235483\"><noscript class=\"wpforms-error-noscript\">Please enable JavaScript in your browser to complete this form.<\/noscript><div id=\"wpforms-error-noscript\" style=\"display: none;\">Please enable JavaScript in your browser to complete this form.<\/div><div class=\"wpforms-field-container\"><div id=\"wpforms-196-field_0-container\" class=\"wpforms-field wpforms-field-name\" data-field-id=\"0\"><fieldset><legend class=\"wpforms-field-label\">Etunimi ja Sukunimi <span class=\"wpforms-required-label\" aria-hidden=\"true\">*<\/span><\/legend><div class=\"wpforms-field-row wpforms-field-medium\"><div class=\"wpforms-field-row-block wpforms-first wpforms-one-half\"><input type=\"text\" id=\"wpforms-196-field_0\" class=\"wpforms-field-name-first wpforms-field-required\" name=\"wpforms[fields][0][first]\" aria-errormessage=\"wpforms-196-field_0-error\" required><label for=\"wpforms-196-field_0\" class=\"wpforms-field-sublabel after\">First<\/label><\/div><div class=\"wpforms-field-row-block wpforms-one-half\"><input type=\"text\" id=\"wpforms-196-field_0-last\" class=\"wpforms-field-name-last wpforms-field-required\" name=\"wpforms[fields][0][last]\" aria-errormessage=\"wpforms-196-field_0-last-error\" required><label for=\"wpforms-196-field_0-last\" class=\"wpforms-field-sublabel after\">Last<\/label><\/div><\/div><\/fieldset><\/div>\t\t<div id=\"wpforms-196-field_4-container\"\n\t\t\tclass=\"wpforms-field wpforms-field-text\"\n\t\t\tdata-field-type=\"text\"\n\t\t\tdata-field-id=\"4\"\n\t\t\t>\n\t\t\t<label class=\"wpforms-field-label\" for=\"wpforms-196-field_4\" >S\u00e4hk\u00f6posti Sukunimi ja<\/label>\n\t\t\t<input type=\"text\" id=\"wpforms-196-field_4\" class=\"wpforms-field-medium\" name=\"wpforms[fields][4]\" >\n\t\t<\/div>\n\t\t<div id=\"wpforms-196-field_1-container\" class=\"wpforms-field wpforms-field-email\" data-field-id=\"1\"><label class=\"wpforms-field-label\" for=\"wpforms-196-field_1\">S\u00e4hk\u00f6posti <span class=\"wpforms-required-label\" aria-hidden=\"true\">*<\/span><\/label><input type=\"email\" id=\"wpforms-196-field_1\" class=\"wpforms-field-medium wpforms-field-required\" name=\"wpforms[fields][1]\" spellcheck=\"false\" aria-errormessage=\"wpforms-196-field_1-error\" required><\/div><div id=\"wpforms-196-field_2-container\" class=\"wpforms-field wpforms-field-textarea\" data-field-id=\"2\"><label class=\"wpforms-field-label\" for=\"wpforms-196-field_2\">Viesti <span class=\"wpforms-required-label\" aria-hidden=\"true\">*<\/span><\/label><textarea id=\"wpforms-196-field_2\" class=\"wpforms-field-medium wpforms-field-required\" name=\"wpforms[fields][2]\" aria-errormessage=\"wpforms-196-field_2-error\" required><\/textarea><\/div><div id=\"wpforms-196-field_3-container\" class=\"wpforms-field wpforms-field-checkbox\" data-field-id=\"3\"><fieldset><legend class=\"wpforms-field-label\">Tietosuojaseloste <span class=\"wpforms-required-label\" aria-hidden=\"true\">*<\/span><\/legend><ul id=\"wpforms-196-field_3\" class=\"wpforms-field-required\"><li class=\"choice-1 depth-1\"><input type=\"checkbox\" id=\"wpforms-196-field_3_1\" name=\"wpforms[fields][3][]\" value=\"Olen lukenut ja hyv\u00e4ksyn tietosuojak\u00e4yt\u00e4nn\u00f6n\" aria-errormessage=\"wpforms-196-field_3_1-error\" aria-describedby=\"wpforms-196-field_3-description\" required ><label class=\"wpforms-field-label-inline\" for=\"wpforms-196-field_3_1\">Olen lukenut ja hyv\u00e4ksyn tietosuojak\u00e4yt\u00e4nn\u00f6n<\/label><\/li><\/ul><div id=\"wpforms-196-field_3-description\" class=\"wpforms-field-description wpforms-disclaimer-description\">TIETOSUOJASELOSTE<br \/>\nT\u00e4m\u00e4n tietosuojaselosteen tarkoituksena on kertoa Remontti Veljekset asiakkaamme, mink\u00e4 tyyppisi\u00e4 tietoja ker\u00e4\u00e4mme verkkosivuiltamme, miten tietoja k\u00e4sitell\u00e4\u00e4n ja miten ne on suojattu. Tutustu t\u00e4h\u00e4n ohjeeseen huolellisesti.<br \/>\n<br \/>\nRekisterinpit\u00e4j\u00e4<br \/>\nTmi Remonttiveljekset<br \/>\nKurkelankatu 9 A 32,04200 Kerava<br \/>\nY-Tunnus :3127329-8<br \/>\nTietosuojavastaava<br \/>\nNimi: Muharrem Kazik<br \/>\nPuh. +358.449741989<br \/>\nS-posti: kazik.muharrem@gmail.com<br \/>\n<br \/>\nRekisterin nimi<br \/>\nAsiakas- ja markkinointirekisteri<br \/>\n<br \/>\nHenkil\u00f6tietojen k\u00e4sittelyn tarkoitus<br \/>\nK\u00e4sittelyn tarkoituksena on asiakassuhteen yll\u00e4pito, hoitaminen ja kehitt\u00e4minen sek\u00e4 asiakkaan ja rekisterinpit\u00e4j\u00e4n oikeuksien ja velvollisuuksien toteuttaminen. Lis\u00e4ksi henkil\u00f6tietolain mukainen henkil\u00f6tietojen k\u00e4sittely verkkopalveluihin liittyviin tarkoituksiin, tutkimustoimintaan ja rekisterinpit\u00e4j\u00e4n mainonnan ja\/tai suoramarkkinoinnin suuntaamiseen asiakastietojen perusteella rekisterinpit\u00e4j\u00e4n kanavien kautta.<br \/>\n<br \/>\nRekisterin tietosis\u00e4lt\u00f6<br \/>\nRekisteri sis\u00e4lt\u00e4\u00e4 seuraavia tietoja henkil\u00f6ist\u00e4:<br \/>\nNimi<br \/>\nS\u00e4hk\u00f6postiosoite<br \/>\nPuhelinnumerot<br \/>\n<br \/>\nAsiakan viesti<br \/>\n<br \/>\nRekisterin s\u00e4\u00e4nn\u00f6nmukaiset tietol\u00e4hteet<br \/>\nTietoja ker\u00e4t\u00e4\u00e4n yrityksilt\u00e4 asiakassuhteen alkaessa ja yksitt\u00e4isilt\u00e4 henkil\u00f6ilt\u00e4 rekister\u00f6idylt\u00e4 itselt\u00e4\u00e4n s\u00e4hk\u00f6isten yhteydenotto lomakkeiden kautta.<br \/>\n<br \/>\nTietojen siirto EU:n tai ETA:n ulkopuolelle Tietyiss\u00e4 tilanteissa tietojasi saatetaan siirt\u00e4\u00e4 EU:n ulkopuolelle. Osa k\u00e4ytt\u00e4mist\u00e4mme pilvipalveluista saattaa sijaita EU:n ulkopuolella.<br \/>\n<br \/>\nJos tietoa siirtyy EU:n ulkopuolelle, varmistamme ett\u00e4 maa on EU:n komission tarkoittama riitt\u00e4v\u00e4n tietosuojan maa, siirronsaaja on Privacy Shield -sertifioitu (Yhdysvalloissa sijaitsevat siirronsaajat) taikka siirto tapahtuu EU:n komission julkaisemia mallilausekkeita hy\u00f6dynt\u00e4en. Varmistamme siis aina, ett\u00e4 mahdollinen tiedonsiirto toteutetaan lain edellytt\u00e4min perustein ja riitt\u00e4vin suojamekanismein.<br \/>\n<br \/>\nTietojen poistaminen<br \/>\nRekister\u00f6ityn\u00e4 henkil\u00f6n\u00e4 sinulla on oikeus tutustua t\u00e4h\u00e4n rekisteriin tallennettuihin henkil\u00f6tietoihisi ja oikeus vaatia n\u00e4iden tietojen oikaisemista tai poistamista. Sinulla on my\u00f6s oikeus peruuttaa suostumuksesi tiedonsiirtoon.<br \/>\n<br \/>\nKaikki t\u00e4h\u00e4n osaan liittyv\u00e4t pyynn\u00f6t ja vaatimukset on l\u00e4hetett\u00e4v\u00e4 kirjallisesti osoitteeseen, joka mainitaan kohdassa &#8220;Tietosuojavastaava&#8221;.<br \/>\n<br \/>\nRekisterin suojauksen periaatteet<br \/>\nHenkil\u00f6tiedot s\u00e4ilytet\u00e4\u00e4n luottamuksellisina sek\u00e4 suojataan asiattomien p\u00e4\u00e4sylt\u00e4 ja k\u00e4sittelylt\u00e4. Rekisteriin on k\u00e4ytt\u00f6oikeus vain Remonttiveljekset:n palveluksessa olevilla henkil\u00f6ill\u00e4 tai sen valtuuttamilla toimijoilla, jotka yll\u00e4pit\u00e4v\u00e4t tai kehitt\u00e4v\u00e4t j\u00e4rjestelm\u00e4\u00e4. Tietokoneet ja \u00e4lypuhelimet, joilla rekisteri\u00e4 k\u00e4ytet\u00e4\u00e4n, on suojattu henkil\u00f6kohtaisin kirjautumistiedoin ja salasanoin ja ne sijaitsevat lukituissa ja valvotuissa tiloissa. www.remonttiveljekset.fi sivusto on suojattu SSL-sertifikaatilla, joka pit\u00e4\u00e4 huolen siit\u00e4, ett\u00e4 koko sivuston k\u00e4ytt\u00e4minen ja tietojen antaminen sit\u00e4 kautta on turvallista.<br \/>\n<br \/>\nLinlit &amp; Ev\u00e4steet<br \/>\nKolmansien osapuolten sivustot<br \/>\nSivustomme voi sis\u00e4lt\u00e4\u00e4 linkkej\u00e4 kolmansien osapuolien yll\u00e4pit\u00e4mille sivustoille. Remontti Veljekset  ei vastaa t\u00e4llaisten oman sivustonsa ulkopuolisten sivustojen sis\u00e4ll\u00f6st\u00e4 tai yksityisyydensuojak\u00e4yt\u00e4nn\u00f6ist\u00e4. Suosittelemme, ett\u00e4 tutustut huolellisesti jokaisen sivuston yksityisyydensuojaa koskeviin ehtoihin.<br \/>\n<br \/>\nEv\u00e4steet<br \/>\nRemontti Veljekset ei k\u00e4yt\u00e4 sivustollaan ev\u00e4steit\u00e4 (cookies) k\u00e4vij\u00e4tilastojen.<br \/>\n<br \/>\nT\u00e4m\u00e4 on voimassa oleva tietosuojaseloste. Tarkastamme ja p\u00e4ivit\u00e4mme t\u00e4m\u00e4n s\u00e4\u00e4nn\u00f6llisesti.<\/div><\/fieldset><\/div><script>\n\t\t\t\t( function() {\n\t\t\t\t\tconst style = document.createElement( 'style' );\n\t\t\t\t\tstyle.appendChild( document.createTextNode( '#wpforms-196-field_4-container { position: absolute !important; overflow: hidden !important; display: inline !important; height: 1px !important; width: 1px !important; z-index: -1000 !important; padding: 0 !important; } #wpforms-196-field_4-container input { visibility: hidden; } #wpforms-conversational-form-page #wpforms-196-field_4-container label { counter-increment: none; }' ) );\n\t\t\t\t\tdocument.head.appendChild( style );\n\t\t\t\t\tdocument.currentScript?.remove();\n\t\t\t\t} )();\n\t\t\t<\/script><\/div><!-- .wpforms-field-container --><div class=\"wpforms-submit-container\" ><input type=\"hidden\" name=\"wpforms[id]\" value=\"196\"><input type=\"hidden\" name=\"page_title\" value=\"\"><input type=\"hidden\" name=\"page_url\" value=\"https:\/\/remonttiveljekset.fi\/index.php?rest_route=\/wp\/v2\/pages\/2\"><input type=\"hidden\" name=\"url_referer\" value=\"\"><button type=\"submit\" name=\"wpforms[submit]\" id=\"wpforms-submit-196\" class=\"wpforms-submit\" data-alt-text=\"l\u00e4hetet\u00e4\u00e4n.\" data-submit-text=\"L\u00e4het\u00e4\" aria-live=\"assertive\" value=\"wpforms-submit\">L\u00e4het\u00e4<\/button><img loading=\"lazy\" decoding=\"async\" src=\"https:\/\/remonttiveljekset.fi\/wp-content\/plugins\/wpforms-lite\/assets\/images\/submit-spin.svg\" class=\"wpforms-submit-spinner\" style=\"display: none;\" width=\"26\" height=\"26\" alt=\"Loading\"><\/div><\/form><\/div>  <!-- .wpforms-container --><\/div>\n<\/div>\n","protected":false},"excerpt":{"rendered":"<p>Puhelin 044 974 1989 Aukioloajat Ma-Pe: 08:00-16:00 La-Su: Sopimuksen mukaan Rekisteri Tmi Remonttiveljekset Y-tunnus : 3127329-8 Osoite Kurkelankatu 9 A 32, 04200 Kerava S\u00e4hk\u00f6posti info@remonttiveljekset.fi Voitte ottaa yhteytt\u00e4 alla olevalla lomakkeella, vastaamme mielell\u00e4mme. Yhteydenotto<\/p>\n","protected":false},"author":1,"featured_media":0,"parent":0,"menu_order":5,"comment_status":"closed","ping_status":"closed","template":"","meta":{"footnotes":""},"class_list":["post-2","page","type-page","status-publish","hentry"],"_links":{"self":[{"href":"https:\/\/remonttiveljekset.fi\/index.php?rest_route=\/wp\/v2\/pages\/2","targetHints":{"allow":["GET"]}}],"collection":[{"href":"https:\/\/remonttiveljekset.fi\/index.php?rest_route=\/wp\/v2\/pages"}],"about":[{"href":"https:\/\/remonttiveljekset.fi\/index.php?rest_route=\/wp\/v2\/types\/page"}],"author":[{"embeddable":true,"href":"https:\/\/remonttiveljekset.fi\/index.php?rest_route=\/wp\/v2\/users\/1"}],"replies":[{"embeddable":true,"href":"https:\/\/remonttiveljekset.fi\/index.php?rest_route=%2Fwp%2Fv2%2Fcomments&post=2"}],"version-history":[{"count":8,"href":"https:\/\/remonttiveljekset.fi\/index.php?rest_route=\/wp\/v2\/pages\/2\/revisions"}],"predecessor-version":[{"id":285,"href":"https:\/\/remonttiveljekset.fi\/index.php?rest_route=\/wp\/v2\/pages\/2\/revisions\/285"}],"wp:attachment":[{"href":"https:\/\/remonttiveljekset.fi\/index.php?rest_route=%2Fwp%2Fv2%2Fmedia&parent=2"}],"curies":[{"name":"wp","href":"https:\/\/api.w.org\/{rel}","templated":true}]}}