{"id":9,"date":"2025-10-17T10:14:14","date_gmt":"2025-10-17T10:14:14","guid":{"rendered":"https:\/\/remonttiveljekset.fi\/?page_id=9"},"modified":"2026-04-22T07:51:00","modified_gmt":"2026-04-22T07:51:00","slug":"the-new-umoma-opens-its-doors-2","status":"publish","type":"page","link":"https:\/\/remonttiveljekset.fi\/","title":{"rendered":"Remontti Veljekset"},"content":{"rendered":"\n<div class=\"wp-block-cover alignfull is-light has-parallax wp-duotone-111111-c2a990-1\" style=\"padding-top:var(--wp--preset--spacing--50);padding-right:var(--wp--preset--spacing--50);padding-bottom:var(--wp--preset--spacing--50);padding-left:var(--wp--preset--spacing--50);min-height:580px;aspect-ratio:unset;\"><div class=\"wp-block-cover__image-background wp-image-134 size-large has-parallax\" style=\"background-position:50% 50%;background-image:url(https:\/\/remonttiveljekset.fi\/wp-content\/uploads\/2025\/10\/IMG_20230326_114630_871-1-1024x1024.jpg)\"><\/div><span aria-hidden=\"true\" class=\"wp-block-cover__background has-base-background-color has-background-dim-0 has-background-dim\"><\/span><div class=\"wp-block-cover__inner-container has-global-padding is-layout-constrained wp-container-core-cover-is-layout-e4fd886c wp-block-cover-is-layout-constrained\">\n<h2 class=\"wp-block-heading has-large-font-size\"><mark style=\"background-color:rgba(0, 0, 0, 0)\" class=\"has-inline-color has-base-2-color\">Teemme jatkuvaa yhteisty\u00f6t\u00e4 alan johtavien materiaalitoimittajien kanssa joten yleiset tuotemerkit ovat meille p\u00e4ivitt\u00e4in tuttuja.<\/mark><\/h2>\n<\/div><\/div>\n\n\n\n<div class=\"wp-block-group alignfull has-base-2-color has-contrast-background-color has-text-color has-background has-link-color wp-elements-3b40dbd3f289c5c6c1dc12611f510836 has-global-padding is-layout-constrained wp-container-core-group-is-layout-facafb6f wp-block-group-is-layout-constrained\" style=\"margin-top:0;margin-bottom:0;padding-top:var(--wp--preset--spacing--50);padding-right:var(--wp--preset--spacing--50);padding-bottom:var(--wp--preset--spacing--50);padding-left:var(--wp--preset--spacing--50)\">\n<div class=\"wp-block-group alignfull has-global-padding is-content-justification-center is-layout-constrained wp-container-core-group-is-layout-9f9d62a4 wp-block-group-is-layout-constrained\" style=\"padding-top:var(--wp--preset--spacing--50);padding-right:var(--wp--preset--spacing--50);padding-bottom:var(--wp--preset--spacing--50);padding-left:var(--wp--preset--spacing--50)\">\n<div class=\"wp-block-group has-global-padding is-layout-constrained wp-container-core-group-is-layout-650790e1 wp-block-group-is-layout-constrained\">\n<h1 class=\"wp-block-heading has-text-align-center has-x-large-font-size\"><mark style=\"background-color:rgba(0, 0, 0, 0)\" class=\"has-inline-color has-base-2-color\">Rakennamme ja remontoimme<\/mark><\/h1>\n\n\n\n<div style=\"height:1.25rem\" aria-hidden=\"true\" class=\"wp-block-spacer\"><\/div>\n\n\n\n<p class=\"has-text-align-center\"><strong>Palveluihimme kuuluvat monipuolinen korjausrakentaminen. Ty\u00f6 kannattaa teett\u00e4\u00e4 ammattilaisella. Remontti Veljekset tarjoaa remonttipalveluita koko Uudenmaan alueella yksityishenkil\u00f6ille, yrityksille ja taloyhti\u00f6ille. Palveluihimme kuuluu kaikki remontointity\u00f6t, piha- ja puutarhaty\u00f6t, maalausty\u00f6t yms. Yrityksemme sijaitsee Keravassa.<\/strong><\/p>\n\n\n\n<div style=\"height:1.25rem\" aria-hidden=\"true\" class=\"wp-block-spacer\"><\/div>\n\n\n\n<div class=\"wp-block-buttons is-content-justification-center is-layout-flex wp-container-core-buttons-is-layout-a89b3969 wp-block-buttons-is-layout-flex\">\n<div class=\"wp-block-button\"><a class=\"wp-block-button__link wp-element-button\" href=\"https:\/\/remonttiveljekset.fi\/?page_id=2\">Ota yhteytt\u00e4 ja kysy lis\u00e4\u00e4<\/a><\/div>\n<\/div>\n<\/div>\n\n\n\n<p><\/p>\n\n\n\n<p><\/p>\n\n\n\n<h2 class=\"wp-block-heading has-text-align-center\"><mark style=\"background-color:rgba(0, 0, 0, 0)\" class=\"has-inline-color has-base-2-color\"><strong>Yhteisty\u00f6ss\u00e4<\/strong><\/mark><\/h2>\n\n\n\n<figure class=\"wp-block-image aligncenter size-full is-resized\"><img loading=\"lazy\" decoding=\"async\" width=\"797\" height=\"306\" src=\"https:\/\/remonttiveljekset.fi\/wp-content\/uploads\/2026\/04\/IMG-20260414-WA0003.jpg\" alt=\"\" class=\"wp-image-335\" style=\"aspect-ratio:2.6044948206331133;width:336px;height:auto\" srcset=\"https:\/\/remonttiveljekset.fi\/wp-content\/uploads\/2026\/04\/IMG-20260414-WA0003.jpg 797w, https:\/\/remonttiveljekset.fi\/wp-content\/uploads\/2026\/04\/IMG-20260414-WA0003-300x115.jpg 300w, https:\/\/remonttiveljekset.fi\/wp-content\/uploads\/2026\/04\/IMG-20260414-WA0003-768x295.jpg 768w\" sizes=\"auto, (max-width: 797px) 100vw, 797px\" \/><\/figure>\n\n\n\n<p class=\"has-text-align-left\"><\/p>\n<\/div>\n\n\n\n<div class=\"wp-block-columns alignwide are-vertically-aligned-top is-layout-flex wp-container-core-columns-is-layout-08c01c1c wp-block-columns-is-layout-flex\">\n<div class=\"wp-block-column is-vertically-aligned-top is-layout-flow wp-block-column-is-layout-flow\">\n<div class=\"wp-block-group wp-container-content-231d8afb is-vertical is-content-justification-left is-nowrap is-layout-flex wp-container-core-group-is-layout-d439c89b wp-block-group-is-layout-flex\" style=\"margin-top:0;margin-bottom:0\">\n<figure class=\"wp-block-image size-large wp-container-content-0733e5d0\"><img loading=\"lazy\" decoding=\"async\" width=\"768\" height=\"1024\" src=\"https:\/\/remonttiveljekset.fi\/wp-content\/uploads\/2025\/10\/20240803_161930_resized-768x1024.jpg\" alt=\"\" class=\"wp-image-124\" srcset=\"https:\/\/remonttiveljekset.fi\/wp-content\/uploads\/2025\/10\/20240803_161930_resized-768x1024.jpg 768w, https:\/\/remonttiveljekset.fi\/wp-content\/uploads\/2025\/10\/20240803_161930_resized-225x300.jpg 225w, https:\/\/remonttiveljekset.fi\/wp-content\/uploads\/2025\/10\/20240803_161930_resized-1152x1536.jpg 1152w, https:\/\/remonttiveljekset.fi\/wp-content\/uploads\/2025\/10\/20240803_161930_resized-1536x2048.jpg 1536w, https:\/\/remonttiveljekset.fi\/wp-content\/uploads\/2025\/10\/20240803_161930_resized.jpg 1734w\" sizes=\"auto, (max-width: 768px) 100vw, 768px\" \/><\/figure>\n<\/div>\n<\/div>\n\n\n\n<div class=\"wp-block-column is-vertically-aligned-top is-layout-flow wp-block-column-is-layout-flow\">\n<div class=\"wp-block-group wp-container-content-231d8afb is-vertical is-layout-flex wp-container-core-group-is-layout-05b43539 wp-block-group-is-layout-flex\" style=\"margin-top:0;margin-bottom:0\">\n<figure class=\"wp-block-image size-large\" style=\"font-size:14px\"><img loading=\"lazy\" decoding=\"async\" width=\"768\" height=\"1024\" src=\"https:\/\/remonttiveljekset.fi\/wp-content\/uploads\/2025\/10\/20230613_190526_resized-768x1024.jpg\" alt=\"\" class=\"wp-image-117\" srcset=\"https:\/\/remonttiveljekset.fi\/wp-content\/uploads\/2025\/10\/20230613_190526_resized-768x1024.jpg 768w, https:\/\/remonttiveljekset.fi\/wp-content\/uploads\/2025\/10\/20230613_190526_resized-225x300.jpg 225w, https:\/\/remonttiveljekset.fi\/wp-content\/uploads\/2025\/10\/20230613_190526_resized-1152x1536.jpg 1152w, https:\/\/remonttiveljekset.fi\/wp-content\/uploads\/2025\/10\/20230613_190526_resized-1536x2048.jpg 1536w, https:\/\/remonttiveljekset.fi\/wp-content\/uploads\/2025\/10\/20230613_190526_resized.jpg 1734w\" sizes=\"auto, (max-width: 768px) 100vw, 768px\" \/><\/figure>\n<\/div>\n<\/div>\n<\/div>\n<\/div>\n\n\n\n<p><\/p>\n","protected":false},"excerpt":{"rendered":"<p>Rakennamme ja remontoimme Palveluihimme kuuluvat monipuolinen korjausrakentaminen. Ty\u00f6 kannattaa teett\u00e4\u00e4 ammattilaisella. Remontti Veljekset tarjoaa remonttipalveluita koko Uudenmaan alueella yksityishenkil\u00f6ille, yrityksille ja taloyhti\u00f6ille. Palveluihimme kuuluu kaikki remontointity\u00f6t, piha- ja puutarhaty\u00f6t, maalausty\u00f6t yms. Yrityksemme sijaitsee Keravassa. Yhteisty\u00f6ss\u00e4<\/p>\n","protected":false},"author":1,"featured_media":0,"parent":0,"menu_order":0,"comment_status":"closed","ping_status":"closed","template":"","meta":{"footnotes":""},"class_list":["post-9","page","type-page","status-publish","hentry"],"_links":{"self":[{"href":"https:\/\/remonttiveljekset.fi\/index.php?rest_route=\/wp\/v2\/pages\/9","targetHints":{"allow":["GET"]}}],"collection":[{"href":"https:\/\/remonttiveljekset.fi\/index.php?rest_route=\/wp\/v2\/pages"}],"about":[{"href":"https:\/\/remonttiveljekset.fi\/index.php?rest_route=\/wp\/v2\/types\/page"}],"author":[{"embeddable":true,"href":"https:\/\/remonttiveljekset.fi\/index.php?rest_route=\/wp\/v2\/users\/1"}],"replies":[{"embeddable":true,"href":"https:\/\/remonttiveljekset.fi\/index.php?rest_route=%2Fwp%2Fv2%2Fcomments&post=9"}],"version-history":[{"count":46,"href":"https:\/\/remonttiveljekset.fi\/index.php?rest_route=\/wp\/v2\/pages\/9\/revisions"}],"predecessor-version":[{"id":336,"href":"https:\/\/remonttiveljekset.fi\/index.php?rest_route=\/wp\/v2\/pages\/9\/revisions\/336"}],"wp:attachment":[{"href":"https:\/\/remonttiveljekset.fi\/index.php?rest_route=%2Fwp%2Fv2%2Fmedia&parent=9"}],"curies":[{"name":"wp","href":"https:\/\/api.w.org\/{rel}","templated":true}]}}